{"id":70,"date":"2018-11-25T02:30:37","date_gmt":"2018-11-25T04:30:37","guid":{"rendered":"http:\/\/campingdogaucho.com.br\/?page_id=70"},"modified":"2023-03-11T17:00:22","modified_gmt":"2023-03-11T20:00:22","slug":"nossas-instalacoes","status":"publish","type":"page","link":"https:\/\/campingdogaucho.com.br\/index.php\/nossas-instalacoes\/","title":{"rendered":"Nossas Instala\u00e7\u00f5es"},"content":{"rendered":"\n<p><span style=\"vertical-align: inherit;\">O camping est\u00e1 localizado na Beira mar em frente ao Por do Sol a 400 metros do Embarque de Encantadas. <\/span><br><span style=\"vertical-align: inherit;\">Temos uma estrutura com bons banheiros com chuveiro quente, lavanderia equipada com tanquinho e centr\u00edfuga, ilumina\u00e7\u00e3o e acesso para todo o camping, uma cozinha comunit\u00e1ria simples com freezer, geladeira, pia fog\u00e3o que s\u00e3o de uso coletivo. <\/span><br><span style=\"vertical-align: inherit;\">Cadeiras<\/span><br><span style=\"vertical-align: inherit;\"> Wi-fi<\/span><\/p>\n\n\n\n<figure class=\"wp-block-gallery has-nested-images columns-default is-cropped wp-block-gallery-1 is-layout-flex wp-block-gallery-is-layout-flex\">\n<figure class=\"wp-block-image size-large\"><img loading=\"lazy\" decoding=\"async\" width=\"1074\" height=\"1069\" data-id=\"280\" src=\"https:\/\/campingdogaucho.com.br\/wp-content\/uploads\/2023\/03\/WhatsApp-Image-2023-03-11-at-13.49.47.jpeg\" alt=\"\" class=\"wp-image-280\" srcset=\"https:\/\/campingdogaucho.com.br\/wp-content\/uploads\/2023\/03\/WhatsApp-Image-2023-03-11-at-13.49.47.jpeg 1074w, https:\/\/campingdogaucho.com.br\/wp-content\/uploads\/2023\/03\/WhatsApp-Image-2023-03-11-at-13.49.47-300x300.jpeg 300w, https:\/\/campingdogaucho.com.br\/wp-content\/uploads\/2023\/03\/WhatsApp-Image-2023-03-11-at-13.49.47-1024x1019.jpeg 1024w, https:\/\/campingdogaucho.com.br\/wp-content\/uploads\/2023\/03\/WhatsApp-Image-2023-03-11-at-13.49.47-150x150.jpeg 150w, https:\/\/campingdogaucho.com.br\/wp-content\/uploads\/2023\/03\/WhatsApp-Image-2023-03-11-at-13.49.47-768x764.jpeg 768w\" sizes=\"auto, (max-width: 706px) 89vw, (max-width: 767px) 82vw, 740px\" \/><\/figure>\n\n\n\n<figure class=\"wp-block-image size-large\"><img loading=\"lazy\" decoding=\"async\" width=\"1080\" height=\"1070\" data-id=\"279\" src=\"https:\/\/campingdogaucho.com.br\/wp-content\/uploads\/2023\/03\/WhatsApp-Image-2023-03-11-at-13.49.47-1.jpeg\" alt=\"\" class=\"wp-image-279\" srcset=\"https:\/\/campingdogaucho.com.br\/wp-content\/uploads\/2023\/03\/WhatsApp-Image-2023-03-11-at-13.49.47-1.jpeg 1080w, https:\/\/campingdogaucho.com.br\/wp-content\/uploads\/2023\/03\/WhatsApp-Image-2023-03-11-at-13.49.47-1-300x297.jpeg 300w, https:\/\/campingdogaucho.com.br\/wp-content\/uploads\/2023\/03\/WhatsApp-Image-2023-03-11-at-13.49.47-1-1024x1015.jpeg 1024w, https:\/\/campingdogaucho.com.br\/wp-content\/uploads\/2023\/03\/WhatsApp-Image-2023-03-11-at-13.49.47-1-150x150.jpeg 150w, https:\/\/campingdogaucho.com.br\/wp-content\/uploads\/2023\/03\/WhatsApp-Image-2023-03-11-at-13.49.47-1-768x761.jpeg 768w\" sizes=\"auto, (max-width: 706px) 89vw, (max-width: 767px) 82vw, 740px\" \/><\/figure>\n\n\n\n<figure class=\"wp-block-image size-large\"><img decoding=\"async\" data-id=\"230\" src=\"https:\/\/campingdogaucho.com.br\/wp-content\/uploads\/2020\/09\/MGL7782.jpg\" alt=\"\" class=\"wp-image-230\"\/><\/figure>\n\n\n\n<figure class=\"wp-block-image size-large\"><img loading=\"lazy\" decoding=\"async\" width=\"239\" height=\"239\" data-id=\"190\" src=\"https:\/\/campingdogaucho.com.br\/wp-content\/uploads\/2020\/10\/capa.jpg\" alt=\"\" class=\"wp-image-190\" srcset=\"https:\/\/campingdogaucho.com.br\/wp-content\/uploads\/2020\/10\/capa.jpg 239w, https:\/\/campingdogaucho.com.br\/wp-content\/uploads\/2020\/10\/capa-150x150.jpg 150w\" sizes=\"auto, (max-width: 239px) 100vw, 239px\" \/><\/figure>\n\n\n\n<figure class=\"wp-block-image size-large\"><img loading=\"lazy\" decoding=\"async\" width=\"960\" height=\"960\" data-id=\"177\" src=\"https:\/\/campingdogaucho.com.br\/wp-content\/uploads\/2020\/10\/120660906_2401300760164428_3199399282303880050_n.jpg\" alt=\"\" class=\"wp-image-177\" srcset=\"https:\/\/campingdogaucho.com.br\/wp-content\/uploads\/2020\/10\/120660906_2401300760164428_3199399282303880050_n.jpg 960w, https:\/\/campingdogaucho.com.br\/wp-content\/uploads\/2020\/10\/120660906_2401300760164428_3199399282303880050_n-150x150.jpg 150w, https:\/\/campingdogaucho.com.br\/wp-content\/uploads\/2020\/10\/120660906_2401300760164428_3199399282303880050_n-300x300.jpg 300w, https:\/\/campingdogaucho.com.br\/wp-content\/uploads\/2020\/10\/120660906_2401300760164428_3199399282303880050_n-768x768.jpg 768w\" sizes=\"auto, (max-width: 706px) 89vw, (max-width: 767px) 82vw, 740px\" \/><\/figure>\n\n\n\n<figure class=\"wp-block-image size-large\"><img loading=\"lazy\" decoding=\"async\" width=\"1200\" height=\"1600\" data-id=\"285\" src=\"https:\/\/campingdogaucho.com.br\/wp-content\/uploads\/2023\/03\/WhatsApp-Image-2023-03-11-at-13.32.58.jpeg\" alt=\"\" class=\"wp-image-285\" srcset=\"https:\/\/campingdogaucho.com.br\/wp-content\/uploads\/2023\/03\/WhatsApp-Image-2023-03-11-at-13.32.58.jpeg 1200w, https:\/\/campingdogaucho.com.br\/wp-content\/uploads\/2023\/03\/WhatsApp-Image-2023-03-11-at-13.32.58-225x300.jpeg 225w, https:\/\/campingdogaucho.com.br\/wp-content\/uploads\/2023\/03\/WhatsApp-Image-2023-03-11-at-13.32.58-768x1024.jpeg 768w, https:\/\/campingdogaucho.com.br\/wp-content\/uploads\/2023\/03\/WhatsApp-Image-2023-03-11-at-13.32.58-1152x1536.jpeg 1152w\" sizes=\"auto, (max-width: 706px) 89vw, (max-width: 767px) 82vw, 740px\" \/><\/figure>\n\n\n\n<figure class=\"wp-block-image size-large\"><img loading=\"lazy\" decoding=\"async\" width=\"899\" height=\"1599\" data-id=\"284\" src=\"https:\/\/campingdogaucho.com.br\/wp-content\/uploads\/2023\/03\/WhatsApp-Image-2023-03-11-at-13.43.20.jpeg\" alt=\"\" class=\"wp-image-284\" srcset=\"https:\/\/campingdogaucho.com.br\/wp-content\/uploads\/2023\/03\/WhatsApp-Image-2023-03-11-at-13.43.20.jpeg 899w, https:\/\/campingdogaucho.com.br\/wp-content\/uploads\/2023\/03\/WhatsApp-Image-2023-03-11-at-13.43.20-169x300.jpeg 169w, https:\/\/campingdogaucho.com.br\/wp-content\/uploads\/2023\/03\/WhatsApp-Image-2023-03-11-at-13.43.20-576x1024.jpeg 576w, https:\/\/campingdogaucho.com.br\/wp-content\/uploads\/2023\/03\/WhatsApp-Image-2023-03-11-at-13.43.20-768x1366.jpeg 768w, https:\/\/campingdogaucho.com.br\/wp-content\/uploads\/2023\/03\/WhatsApp-Image-2023-03-11-at-13.43.20-864x1536.jpeg 864w\" sizes=\"auto, (max-width: 706px) 89vw, (max-width: 767px) 82vw, 740px\" \/><\/figure>\n\n\n\n<figure class=\"wp-block-image size-large\"><img loading=\"lazy\" decoding=\"async\" width=\"899\" height=\"1599\" data-id=\"283\" src=\"https:\/\/campingdogaucho.com.br\/wp-content\/uploads\/2023\/03\/WhatsApp-Image-2023-03-11-at-13.43.21.jpeg\" alt=\"\" class=\"wp-image-283\" srcset=\"https:\/\/campingdogaucho.com.br\/wp-content\/uploads\/2023\/03\/WhatsApp-Image-2023-03-11-at-13.43.21.jpeg 899w, https:\/\/campingdogaucho.com.br\/wp-content\/uploads\/2023\/03\/WhatsApp-Image-2023-03-11-at-13.43.21-169x300.jpeg 169w, https:\/\/campingdogaucho.com.br\/wp-content\/uploads\/2023\/03\/WhatsApp-Image-2023-03-11-at-13.43.21-576x1024.jpeg 576w, https:\/\/campingdogaucho.com.br\/wp-content\/uploads\/2023\/03\/WhatsApp-Image-2023-03-11-at-13.43.21-768x1366.jpeg 768w, https:\/\/campingdogaucho.com.br\/wp-content\/uploads\/2023\/03\/WhatsApp-Image-2023-03-11-at-13.43.21-864x1536.jpeg 864w\" sizes=\"auto, (max-width: 706px) 89vw, (max-width: 767px) 82vw, 740px\" \/><\/figure>\n<\/figure>\n","protected":false},"excerpt":{"rendered":"<p>O camping est\u00e1 localizado na Beira mar em frente ao Por do Sol a 400 metros do Embarque de Encantadas. Temos uma estrutura com bons banheiros com chuveiro quente, lavanderia equipada com tanquinho e centr\u00edfuga, ilumina\u00e7\u00e3o e acesso para todo o camping, uma cozinha comunit\u00e1ria simples com freezer, geladeira, pia fog\u00e3o que s\u00e3o de uso &hellip; <\/p>\n<p class=\"link-more\"><a href=\"https:\/\/campingdogaucho.com.br\/index.php\/nossas-instalacoes\/\" class=\"more-link\">Continue lendo<span class=\"screen-reader-text\"> &#8220;Nossas Instala\u00e7\u00f5es&#8221;<\/span><\/a><\/p>\n","protected":false},"author":1,"featured_media":0,"parent":0,"menu_order":0,"comment_status":"closed","ping_status":"closed","template":"","meta":{"footnotes":""},"class_list":["post-70","page","type-page","status-publish","hentry"],"_links":{"self":[{"href":"https:\/\/campingdogaucho.com.br\/index.php\/wp-json\/wp\/v2\/pages\/70","targetHints":{"allow":["GET"]}}],"collection":[{"href":"https:\/\/campingdogaucho.com.br\/index.php\/wp-json\/wp\/v2\/pages"}],"about":[{"href":"https:\/\/campingdogaucho.com.br\/index.php\/wp-json\/wp\/v2\/types\/page"}],"author":[{"embeddable":true,"href":"https:\/\/campingdogaucho.com.br\/index.php\/wp-json\/wp\/v2\/users\/1"}],"replies":[{"embeddable":true,"href":"https:\/\/campingdogaucho.com.br\/index.php\/wp-json\/wp\/v2\/comments?post=70"}],"version-history":[{"count":6,"href":"https:\/\/campingdogaucho.com.br\/index.php\/wp-json\/wp\/v2\/pages\/70\/revisions"}],"predecessor-version":[{"id":332,"href":"https:\/\/campingdogaucho.com.br\/index.php\/wp-json\/wp\/v2\/pages\/70\/revisions\/332"}],"wp:attachment":[{"href":"https:\/\/campingdogaucho.com.br\/index.php\/wp-json\/wp\/v2\/media?parent=70"}],"curies":[{"name":"wp","href":"https:\/\/api.w.org\/{rel}","templated":true}]}}