{"id":2,"date":"2018-11-25T02:00:25","date_gmt":"2018-11-25T04:00:25","guid":{"rendered":"http:\/\/campingdogaucho.com.br\/?page_id=2"},"modified":"2024-03-02T12:40:17","modified_gmt":"2024-03-02T15:40:17","slug":"como-chegar","status":"publish","type":"page","link":"https:\/\/campingdogaucho.com.br\/index.php\/como-chegar\/","title":{"rendered":"Como Chegar"},"content":{"rendered":"<p><!--more--><iframe loading=\"lazy\" style=\"border: 0;\" src=\"https:\/\/www.google.com\/maps\/embed?pb=!1m18!1m12!1m3!1d3599.1691423939233!2d-48.31792748498306!3d-25.56603888372592!2m3!1f0!2f0!3f0!3m2!1i1024!2i768!4f13.1!3m3!1m2!1s0x94dbb94c4f01f4cb%3A0x53cec0d5eb74247!2sCamping+do+Ga%C3%BAcho!5e0!3m2!1spt-BR!2sbr!4v1543163538951\" width=\"850\" height=\"450\" frameborder=\"0\" allowfullscreen=\"allowfullscreen\"><span style=\"display: inline-block; width: 0px; overflow: hidden; line-height: 0;\" data-mce-type=\"bookmark\" class=\"mce_SELRES_start\">\ufeff<\/span><\/iframe><\/p>\n<p>COMO CHEGAR<\/p>\n<p>DE CARRO : O melhor itiner\u00e1rio \u00e9 por Pontal do Paran\u00e1 &#8211; Pontal do Sul (porto do embarque). Aconselho deixar o carro no estacionamento do Doug e avisar que vai para o Camping do Ga\u00facho, pois temos conv\u00eanio e voc\u00ea ter\u00e1 desconto, al\u00e9m do seu carro ficar guardado com todo cuidado e seguran\u00e7a 24 horas o Doug tamb\u00e9m oferece transporte de van para levar voc\u00ea e a sua bagagem at\u00e9 o porto de embarque gratuitamente.<\/p>\n<p>SOBRE O BARCO:<\/p>\n<p>O Douglas tamb\u00e9m disp\u00f5e de t\u00e1xi n\u00e1utico, homologado pela marinha e cadastrado na Situr para dar sua entrada de forma oficial, com o pre\u00e7o de 70,00 por pessoa ida e volta, para quem possui reserva no camping o pre\u00e7o \u00e9 65,00 $, ele transporta voc\u00ea e sua bagagem at\u00e9 as Encantadas com rapidez e seguran\u00e7a, ganhando tempo para desfrutar a Ilha.<\/p>\n<p>Telefones do Doug: +55 41 99824-9877 e +55 41 9114-6824<\/p>\n<p>Se voc\u00ea quiser tamb\u00e9m ir na travessia convencional atrav\u00e9s da Abaline<\/p>\n<p>No ver\u00e3o o primeiro barco \u00e9 8:00 horas da manh\u00e3 e o \u00faltimo \u00e0s 18:00 horas, com pre\u00e7o em 2021 de R$45,00 por pessoa ida e volta, mas sempre consulte, pois os hor\u00e1rios e valores podem sofrer altera\u00e7\u00f5es.<\/p>\n<p>No inverno das 8 \u00e0s 6 da tarde, de hora em hora (a confirmar).<\/p>\n<p>ABALINE fone 41 34552616 ou compre sua passagem da barca pelo link http:\/\/vendasonline.abaline.com.br\/?ref=WP067uX2B8<\/p>\n<p>DE \u00d4NIBUS:<\/p>\n<p>A partir de Curitiba pela Via\u00e7\u00e3o Graciosa com destino ao Porto de Embarque de Pontal do Sul. Aconselhamos j\u00e1 comprar passagem ida e volta pois n\u00e3o existe venda de passagem no Porto de Embarque. Se voc\u00ea n\u00e3o tiver passagem de volta ter\u00e1 que pegar um \u00f4nibus urbano ou um t\u00e1xi (raro) para comprar passagem na rodovi\u00e1ria, que \u00e9 distante 4 km e \u00e0s vezes ter\u00e1 que esperar\u00a0por v\u00e1rias horas. Veja informa\u00e7\u00f5es em <a href=\"https:\/\/www.viacaograciosa.com.br\/\">www.viacaograciosa.com.br\u00a0<\/a><\/p>\n<p>Pode vir tamb\u00e9m por Paranagu\u00e1 que \u00e9 uma cidade hist\u00f3rica e que o centro da cidade \u00e9 no centro hist\u00f3rico, o que d\u00e1 um toque especial na viagem, por\u00e9m os hor\u00e1rios dos barcos s\u00e3o reduzidos\u00a0veja informa\u00e7\u00f5es em <a href=\"http:\/\/www.abaline.com.br\/\">www.paranagua.pr.gov.br\/conteudo\/guia&#8230;\/horarios-de-barcos\u00a0<\/a><\/p>\n<p>DE AVI\u00c3O:<\/p>\n<p>Ao desembarcar em Curitiba para a rodovi\u00e1ria, recomendamos \u00e0 voc\u00ea pegar o \u00f4nibus Aeroporto executivo, que vai direto a rodovi\u00e1ria por R$15,00 por pessoa com bagageiro, o \u00f4nibus est\u00e1 sempre a espera\u00a0em frente ao aeroporto, \u00e9 uma op\u00e7\u00e3o r\u00e1pida e barata.<\/p>\n<p>DE TREM :<\/p>\n<p>Partindo da esta\u00e7\u00e3o rodoferrovi\u00e1ria em Curitiba a viagem \u00e9 maravilhosa e\u00a0t\u00edpica. Veja hor\u00e1rios e tarifas <a href=\"https:\/\/serraverdeexpress.com.br\/\">www.serraverdeexpress.com.br\/serra\/tarifas<\/a><\/p>\n<p>Dica: Morretes \u00e9 uma cidadezinha muito bonita ao p\u00e9 da Serra da Graciosa, cortada por um rio de \u00e1guas cristalinas com comidas t\u00edpicas\u00a0da regi\u00e3o e restaurantes onde se come muito bem. O \u00f4nibus para Paranagu\u00e1 \u00e9 de meia em meia hora das 5:25 da manh\u00e3 \u00e0s 21:45 da noite.<\/p>\n<p><span style=\"vertical-align: inherit;\"><span style=\"vertical-align: inherit;\">* Todas as informa\u00e7\u00f5es acima podem alterar, favor\u00a0 confirmar antes nos links indicados.<\/span><\/span><\/p>\n","protected":false},"excerpt":{"rendered":"","protected":false},"author":1,"featured_media":0,"parent":0,"menu_order":0,"comment_status":"closed","ping_status":"open","template":"","meta":{"footnotes":""},"class_list":["post-2","page","type-page","status-publish","hentry"],"_links":{"self":[{"href":"https:\/\/campingdogaucho.com.br\/index.php\/wp-json\/wp\/v2\/pages\/2","targetHints":{"allow":["GET"]}}],"collection":[{"href":"https:\/\/campingdogaucho.com.br\/index.php\/wp-json\/wp\/v2\/pages"}],"about":[{"href":"https:\/\/campingdogaucho.com.br\/index.php\/wp-json\/wp\/v2\/types\/page"}],"author":[{"embeddable":true,"href":"https:\/\/campingdogaucho.com.br\/index.php\/wp-json\/wp\/v2\/users\/1"}],"replies":[{"embeddable":true,"href":"https:\/\/campingdogaucho.com.br\/index.php\/wp-json\/wp\/v2\/comments?post=2"}],"version-history":[{"count":19,"href":"https:\/\/campingdogaucho.com.br\/index.php\/wp-json\/wp\/v2\/pages\/2\/revisions"}],"predecessor-version":[{"id":440,"href":"https:\/\/campingdogaucho.com.br\/index.php\/wp-json\/wp\/v2\/pages\/2\/revisions\/440"}],"wp:attachment":[{"href":"https:\/\/campingdogaucho.com.br\/index.php\/wp-json\/wp\/v2\/media?parent=2"}],"curies":[{"name":"wp","href":"https:\/\/api.w.org\/{rel}","templated":true}]}}